{"id":9,"date":"2024-10-30T08:57:29","date_gmt":"2024-10-30T08:57:29","guid":{"rendered":"https:\/\/tarkistuslistat.fi\/?page_id=9"},"modified":"2025-01-20T12:38:07","modified_gmt":"2025-01-20T10:38:07","slug":"tarkistuslistasovellus","status":"publish","type":"page","link":"https:\/\/tarkistuslistat.fi\/","title":{"rendered":"Tarkistuslistasovellus"},"content":{"rendered":"\n<div class=\"wp-block-group alignfull has-global-padding is-layout-constrained wp-container-core-group-is-layout-490fa1db wp-block-group-is-layout-constrained\" style=\"padding-top:var(--wp--preset--spacing--50);padding-right:var(--wp--preset--spacing--50);padding-bottom:var(--wp--preset--spacing--50);padding-left:var(--wp--preset--spacing--50)\">\n<div class=\"wp-block-group has-global-padding is-layout-constrained wp-container-core-group-is-layout-650790e1 wp-block-group-is-layout-constrained\">\n<h1 class=\"wp-block-heading has-text-align-center has-x-large-font-size\">Tarkistuslistat kriittisen toiminnan tueksi<\/h1>\n\n\n\n<div style=\"height:1.25rem\" aria-hidden=\"true\" class=\"wp-block-spacer\"><\/div>\n\n\n\n<p class=\"has-text-align-center\">Tarkistuslistasovellus tarjoaa p\u00e4ivitett\u00e4v\u00e4t s\u00e4hk\u00f6iset tarkistuslistat ihmisl\u00e4ht\u00f6isen toiminnan tukemiseksi ja yhdenmukaistamiseksi. Sovellus tuottaa paitsi mobiililaitteissa toimivat listat my\u00f6s tulostevihkon, joka on k\u00e4ytett\u00e4viss\u00e4 ilman teknisi\u00e4 laitteita.<\/p>\n<\/div>\n\n\n\n<figure class=\"wp-block-image size-full\"><img loading=\"lazy\" decoding=\"async\" width=\"899\" height=\"525\" src=\"https:\/\/tarkistuslistat.fi\/wp-content\/uploads\/2024\/10\/Sovellus-yksittainen-lista-edited.png\" alt=\"\" class=\"wp-image-32\" srcset=\"https:\/\/tarkistuslistat.fi\/wp-content\/uploads\/2024\/10\/Sovellus-yksittainen-lista-edited.png 899w, https:\/\/tarkistuslistat.fi\/wp-content\/uploads\/2024\/10\/Sovellus-yksittainen-lista-edited-300x175.png 300w, https:\/\/tarkistuslistat.fi\/wp-content\/uploads\/2024\/10\/Sovellus-yksittainen-lista-edited-768x448.png 768w\" sizes=\"auto, (max-width: 899px) 100vw, 899px\" \/><\/figure>\n\n\n\n<div class=\"wp-block-group has-global-padding is-layout-constrained wp-container-core-group-is-layout-650790e1 wp-block-group-is-layout-constrained\">\n<div style=\"height:0px\" aria-hidden=\"true\" class=\"wp-block-spacer\"><\/div>\n<\/div>\n<\/div>\n\n\n\n<div class=\"wp-block-group alignfull has-base-2-background-color has-background has-global-padding is-layout-constrained wp-container-core-group-is-layout-669513ed wp-block-group-is-layout-constrained\" style=\"margin-top:0;margin-bottom:0;padding-top:var(--wp--preset--spacing--50);padding-right:var(--wp--preset--spacing--50);padding-bottom:var(--wp--preset--spacing--50);padding-left:var(--wp--preset--spacing--50)\">\n<div class=\"wp-block-group is-vertical is-content-justification-center is-layout-flex wp-container-core-group-is-layout-52b864f0 wp-block-group-is-layout-flex\">\n<h2 class=\"wp-block-heading has-text-align-center is-style-asterisk\">Muutos organisaation toimintakulttuuriin<\/h2>\n\n\n\n<div style=\"height:0px\" aria-hidden=\"true\" class=\"wp-block-spacer wp-container-content-4f2ccadb\"><\/div>\n\n\n\n<p class=\"has-text-align-center\">Tarkistuslistasovellus tarjoaa kattavan ratkaisun kaikkeen pelastus- ja kriittiseen toimintaan, jossa tarkistuslistat ovat oleellinen osa tehokasta ja turvallista toimintaa. Sovellus on suunniteltu erityisesti johtajien ja tiimin j\u00e4senten tueksi p\u00e4\u00e4t\u00f6ksenteossa, varmistaen, ett\u00e4 kaikki ty\u00f6vaiheet suoritetaan oikea-aikaisesti ja tarkasti. Se on optimoitu tablettik\u00e4ytt\u00f6\u00f6n, mutta toimii my\u00f6s puhelimilla sek\u00e4 tulostettavilla listoilla, mik\u00e4 mahdollistaa sen k\u00e4yt\u00f6n kent\u00e4ll\u00e4 vaativissakin tilanteissa. Sovellus ei vaadi jatkuvaa verkkoyhteytt\u00e4 toimiakseen.<\/p>\n<\/div>\n\n\n\n<div style=\"margin-top:0;margin-bottom:0;height:var(--wp--preset--spacing--40)\" aria-hidden=\"true\" class=\"wp-block-spacer\"><\/div>\n\n\n\n<div class=\"wp-block-columns alignwide is-layout-flex wp-container-core-columns-is-layout-d0bbbce0 wp-block-columns-is-layout-flex\">\n<div class=\"wp-block-column is-layout-flow wp-container-core-column-is-layout-e3d1c41b wp-block-column-is-layout-flow\">\n<h3 class=\"wp-block-heading has-text-align-left is-style-asterisk has-body-font-family has-medium-font-size\" style=\"font-style:normal;font-weight:600\">Keskitetyt tarkistuslistapohjat<\/h3>\n\n\n\n<p class=\"has-text-align-left\">Organisaatio voi luoda erilaisia tarkistuslistapohjia, jotka voidaan avata k\u00e4ytt\u00e4j\u00e4ryhmille. Listat voidaan jakaa kansioihin ja alikansioihin.<\/p>\n<\/div>\n\n\n\n<div class=\"wp-block-column is-layout-flow wp-container-core-column-is-layout-e3d1c41b wp-block-column-is-layout-flow\">\n<h3 class=\"wp-block-heading has-text-align-left is-style-asterisk has-body-font-family has-medium-font-size\" style=\"font-style:normal;font-weight:600\">H\u00e4t\u00e4tilannelistat<\/h3>\n\n\n\n<p class=\"has-text-align-left\">Sovellukseen on erillisen\u00e4 m\u00e4\u00e4ritetty h\u00e4t\u00e4tilannelistat, joihin p\u00e4\u00e4see pikapainikkeella kaikkialta sovelluksesta.<\/p>\n<\/div>\n\n\n\n<div class=\"wp-block-column is-layout-flow wp-container-core-column-is-layout-e3d1c41b wp-block-column-is-layout-flow\">\n<h3 class=\"wp-block-heading has-text-align-left is-style-asterisk has-body-font-family has-medium-font-size\" style=\"font-style:normal;font-weight:600\">Listojen muokattavuus ryhm\u00e4tasolla<\/h3>\n\n\n\n<p class=\"has-text-align-left\">Listat ja niiden sis\u00e4ll\u00f6t ovat muokattavissa ryhm\u00e4tasolla. Organisaatio p\u00e4\u00e4tt\u00e4\u00e4, mitk\u00e4 listat ovat muokattavissa ja mitk\u00e4 ovat lukittuja.<\/p>\n<\/div>\n<\/div>\n\n\n\n<div style=\"height:var(--wp--preset--spacing--20)\" aria-hidden=\"true\" class=\"wp-block-spacer\"><\/div>\n\n\n\n<div class=\"wp-block-columns alignwide is-layout-flex wp-container-core-columns-is-layout-d0bbbce0 wp-block-columns-is-layout-flex\">\n<div class=\"wp-block-column is-layout-flow wp-container-core-column-is-layout-e3d1c41b wp-block-column-is-layout-flow\">\n<h3 class=\"wp-block-heading has-text-align-left is-style-asterisk has-body-font-family has-medium-font-size\" style=\"font-style:normal;font-weight:600\">S\u00e4hk\u00f6iset ja paperiset listat<\/h3>\n\n\n\n<p class=\"has-text-align-left\">S\u00e4hk\u00f6iset listat ovat k\u00e4ytett\u00e4viss\u00e4 mobiililaitteilla. Listoista voidaan tulostaa pdf-vihkotuloste, jonka voi tulostaa esimerkiksi laminoidulle paperille.<\/p>\n<\/div>\n\n\n\n<div class=\"wp-block-column is-layout-flow wp-container-core-column-is-layout-e3d1c41b wp-block-column-is-layout-flow\">\n<h3 class=\"wp-block-heading has-text-align-left is-style-asterisk has-body-font-family has-medium-font-size\" style=\"font-style:normal;font-weight:600\">Tekninen tuki<\/h3>\n\n\n\n<p class=\"has-text-align-left\">Sovellus on yksinkertainen k\u00e4ytt\u00e4\u00e4. Organisaatioille tarjotaan tekninen tuki sovelluksen ongelmatilanteisiin.<\/p>\n<\/div>\n\n\n\n<div class=\"wp-block-column is-layout-flow wp-container-core-column-is-layout-e3d1c41b wp-block-column-is-layout-flow\">\n<h3 class=\"wp-block-heading has-text-align-left is-style-asterisk has-body-font-family has-medium-font-size\" style=\"font-style:normal;font-weight:600\">Kulttuurinmuutos<\/h3>\n\n\n\n<p class=\"has-text-align-left\">Tarkistuslistojen k\u00e4ytt\u00f6\u00f6n liittyy usein toimintakulttuurin muutos organisaatiossa. K\u00e4ytt\u00f6\u00f6nottoon sis\u00e4ltyy koulutus listojen k\u00e4yt\u00f6n filosofiasta sek\u00e4 niiden ei-teknisest\u00e4 k\u00e4yt\u00f6st\u00e4.<\/p>\n<\/div>\n<\/div>\n<\/div>\n\n\n\n<div class=\"wp-block-group alignfull has-global-padding is-layout-constrained wp-container-core-group-is-layout-d89aad35 wp-block-group-is-layout-constrained\" style=\"margin-top:0;margin-bottom:0;padding-top:var(--wp--preset--spacing--50);padding-right:var(--wp--preset--spacing--50);padding-bottom:var(--wp--preset--spacing--50);padding-left:var(--wp--preset--spacing--50)\">\n<div class=\"wp-block-group alignwide has-global-padding is-layout-constrained wp-container-core-group-is-layout-19e250f3 wp-block-group-is-layout-constrained\">\n<div class=\"wp-block-group is-vertical is-content-justification-center is-layout-flex wp-container-core-group-is-layout-6329a8f3 wp-block-group-is-layout-flex\">\n<h2 class=\"wp-block-heading has-text-align-center is-style-asterisk\">Yhdenmukaisuutta ja laatua kaikille organisaatioille<\/h2>\n\n\n\n<p class=\"has-text-align-center\">Sovellus tuo k\u00e4ytt\u00f6\u00f6n helposti muokattavat tarkistuslistat, jotka tukevat toimintaa organisaation kaikilla tasoilla \u2013 aina rutiiniteht\u00e4vist\u00e4 vaativiin h\u00e4t\u00e4tilanteisiin. Sen avulla voidaan varmistaa, ett\u00e4 kaikki tiimit noudattavat parhaita k\u00e4yt\u00e4nt\u00f6j\u00e4 ja toimivat yhdenmukaisesti riippumatta sijainnista tai teht\u00e4v\u00e4tyypist\u00e4.<\/p>\n<\/div>\n\n\n\n<div style=\"height:var(--wp--preset--spacing--40)\" aria-hidden=\"true\" class=\"wp-block-spacer\"><\/div>\n\n\n\n<div class=\"wp-block-columns alignwide is-layout-flex wp-container-core-columns-is-layout-d1c656ed wp-block-columns-is-layout-flex\">\n<div class=\"wp-block-column is-vertically-aligned-center is-layout-flow wp-block-column-is-layout-flow\" style=\"flex-basis:40%\">\n<h3 class=\"wp-block-heading is-style-asterisk\">Kehitt\u00e4j\u00e4t<\/h3>\n\n\n\n<ul style=\"line-height:1.75\" class=\"wp-block-list is-style-checkmark-list\">\n<li>Sovellus on Suomen Meripelastusseuran kehitt\u00e4m\u00e4 oman operatiivisen toimintansa tueksi.<\/li>\n\n\n\n<li>Sovelluksen kehitt\u00e4misess\u00e4 on huomiotu erityisesti ilmailusta.<\/li>\n\n\n\n<li>Sovelluksen teknisest\u00e4 kehitt\u00e4misest\u00e4 ja tuesta vastaa Sovector Oy.<\/li>\n<\/ul>\n<\/div>\n\n\n\n<div class=\"wp-block-column is-layout-flow wp-block-column-is-layout-flow\" style=\"flex-basis:50%\">\n<figure class=\"wp-block-image size-full is-style-rounded is-style-rounded--1\"><img loading=\"lazy\" decoding=\"async\" width=\"500\" height=\"395\" src=\"https:\/\/tarkistuslistat.fi\/wp-content\/uploads\/2024\/10\/Sovellus-listat-teline.png\" alt=\"\" class=\"wp-image-13\" srcset=\"https:\/\/tarkistuslistat.fi\/wp-content\/uploads\/2024\/10\/Sovellus-listat-teline.png 500w, https:\/\/tarkistuslistat.fi\/wp-content\/uploads\/2024\/10\/Sovellus-listat-teline-300x237.png 300w\" sizes=\"auto, (max-width: 500px) 100vw, 500px\" \/><\/figure>\n<\/div>\n<\/div>\n\n\n\n<div style=\"height:var(--wp--preset--spacing--40)\" aria-hidden=\"true\" class=\"wp-block-spacer\"><\/div>\n\n\n\n<div class=\"wp-block-columns alignwide is-layout-flex wp-container-core-columns-is-layout-d1c656ed wp-block-columns-is-layout-flex\">\n<div class=\"wp-block-column is-layout-flow wp-block-column-is-layout-flow\" style=\"flex-basis:50%\">\n<figure class=\"wp-block-image size-full is-style-rounded is-style-rounded--2\"><img loading=\"lazy\" decoding=\"async\" width=\"480\" height=\"480\" src=\"https:\/\/tarkistuslistat.fi\/wp-content\/uploads\/2024\/10\/smps-tarkistuslistat.webp\" alt=\"\" class=\"wp-image-14\" srcset=\"https:\/\/tarkistuslistat.fi\/wp-content\/uploads\/2024\/10\/smps-tarkistuslistat.webp 480w, https:\/\/tarkistuslistat.fi\/wp-content\/uploads\/2024\/10\/smps-tarkistuslistat-300x300.webp 300w, https:\/\/tarkistuslistat.fi\/wp-content\/uploads\/2024\/10\/smps-tarkistuslistat-150x150.webp 150w\" sizes=\"auto, (max-width: 480px) 100vw, 480px\" \/><\/figure>\n<\/div>\n\n\n\n<div class=\"wp-block-column is-vertically-aligned-center is-layout-flow wp-block-column-is-layout-flow\" style=\"flex-basis:40%\">\n<h3 class=\"wp-block-heading is-style-asterisk\">K\u00e4ytt\u00f6\u00f6notto<\/h3>\n\n\n\n<ul style=\"line-height:1.75\" class=\"wp-block-list is-style-checkmark-list\">\n<li>K\u00e4ytt\u00f6\u00f6nottoon liittyy koulutus tarkistuslistojen k\u00e4yt\u00f6st\u00e4 organisaatioissa.<\/li>\n\n\n\n<li>Organisaatiokohtainen k\u00e4ytt\u00f6\u00f6nottomaksu sek\u00e4 kuukausimaksu.<\/li>\n<\/ul>\n<\/div>\n<\/div>\n<\/div>\n<\/div>\n","protected":false},"excerpt":{"rendered":"<p>Tarkistuslistat kriittisen toiminnan tueksi Tarkistuslistasovellus tarjoaa p\u00e4ivitett\u00e4v\u00e4t s\u00e4hk\u00f6iset tarkistuslistat ihmisl\u00e4ht\u00f6isen toiminnan tukemiseksi ja yhdenmukaistamiseksi. Sovellus tuottaa paitsi mobiililaitteissa toimivat listat my\u00f6s tulostevihkon, joka on k\u00e4ytett\u00e4viss\u00e4 ilman teknisi\u00e4 laitteita. Muutos organisaation toimintakulttuuriin Tarkistuslistasovellus tarjoaa kattavan ratkaisun kaikkeen pelastus- ja kriittiseen toimintaan, jossa tarkistuslistat ovat oleellinen osa tehokasta ja turvallista toimintaa. Sovellus on suunniteltu erityisesti johtajien ja [&hellip;]<\/p>\n","protected":false},"author":2,"featured_media":32,"parent":0,"menu_order":0,"comment_status":"closed","ping_status":"closed","template":"page-no-title","meta":{"footnotes":""},"class_list":["post-9","page","type-page","status-publish","has-post-thumbnail","hentry"],"_links":{"self":[{"href":"https:\/\/tarkistuslistat.fi\/index.php?rest_route=\/wp\/v2\/pages\/9","targetHints":{"allow":["GET"]}}],"collection":[{"href":"https:\/\/tarkistuslistat.fi\/index.php?rest_route=\/wp\/v2\/pages"}],"about":[{"href":"https:\/\/tarkistuslistat.fi\/index.php?rest_route=\/wp\/v2\/types\/page"}],"author":[{"embeddable":true,"href":"https:\/\/tarkistuslistat.fi\/index.php?rest_route=\/wp\/v2\/users\/2"}],"replies":[{"embeddable":true,"href":"https:\/\/tarkistuslistat.fi\/index.php?rest_route=%2Fwp%2Fv2%2Fcomments&post=9"}],"version-history":[{"count":10,"href":"https:\/\/tarkistuslistat.fi\/index.php?rest_route=\/wp\/v2\/pages\/9\/revisions"}],"predecessor-version":[{"id":51,"href":"https:\/\/tarkistuslistat.fi\/index.php?rest_route=\/wp\/v2\/pages\/9\/revisions\/51"}],"wp:featuredmedia":[{"embeddable":true,"href":"https:\/\/tarkistuslistat.fi\/index.php?rest_route=\/wp\/v2\/media\/32"}],"wp:attachment":[{"href":"https:\/\/tarkistuslistat.fi\/index.php?rest_route=%2Fwp%2Fv2%2Fmedia&parent=9"}],"curies":[{"name":"wp","href":"https:\/\/api.w.org\/{rel}","templated":true}]}}